{"id":1671,"date":"2024-04-25T18:09:02","date_gmt":"2024-04-25T16:09:02","guid":{"rendered":"https:\/\/clinicaoriolcanto.com\/rehabilitacio-oral\/"},"modified":"2024-05-30T19:07:27","modified_gmt":"2024-05-30T17:07:27","slug":"rehabilitacion-oral","status":"publish","type":"page","link":"https:\/\/clinicaoriolcanto.com\/es\/rehabilitacion-oral\/","title":{"rendered":"Rehabilitaci\u00f3n oral"},"content":{"rendered":"\n<div class=\"wp-block-nk-awb nk-awb alignfull nk-awb-fullheight nk-awb-content-valign-center header header--home\"><div class=\"nk-awb-wrap\" style=\"background:#0085ce\" data-awb-type=\"image\" data-awb-image-background-size=\"cover\" data-awb-image-background-position=\"50% 50%\" data-awb-mouse-parallax=\"true\" data-awb-mouse-parallax-size=\"100\" data-awb-mouse-parallax-speed=\"10000\"><div class=\"nk-awb-inner\"><img loading=\"lazy\" decoding=\"async\" src=\"https:\/\/clinicaoriolcanto.com\/wp-content\/uploads\/2024\/04\/header-rehabilitacio-oral.webp\" class=\"wp-image-92 jarallax-img\" alt=\"Header rehabilitaci\u00f3 oral\" width=\"3200\" height=\"2016\" srcset=\"https:\/\/clinicaoriolcanto.com\/wp-content\/uploads\/2024\/04\/header-rehabilitacio-oral.webp 3200w, https:\/\/clinicaoriolcanto.com\/wp-content\/uploads\/2024\/04\/header-rehabilitacio-oral-500x315.webp 500w, https:\/\/clinicaoriolcanto.com\/wp-content\/uploads\/2024\/04\/header-rehabilitacio-oral-800x504.webp 800w, https:\/\/clinicaoriolcanto.com\/wp-content\/uploads\/2024\/04\/header-rehabilitacio-oral-1280x806.webp 1280w, https:\/\/clinicaoriolcanto.com\/wp-content\/uploads\/2024\/04\/header-rehabilitacio-oral-1920x1210.webp 1920w, https:\/\/clinicaoriolcanto.com\/wp-content\/uploads\/2024\/04\/header-rehabilitacio-oral-1200x756.webp 1200w, https:\/\/clinicaoriolcanto.com\/wp-content\/uploads\/2024\/04\/header-rehabilitacio-oral-1400x882.webp 1400w, https:\/\/clinicaoriolcanto.com\/wp-content\/uploads\/2024\/04\/header-rehabilitacio-oral-300x189.webp 300w\" sizes=\"auto, (max-width: 3200px) 100vw, 3200px\" \/><\/div><\/div><div class=\"nk-awb-wrap-content is-layout-constrained wp-block-nk-awb-is-layout-constrained\"><style>.kb-row-layout-id1671_14ebe7-6e > .kt-row-column-wrap{align-content:start;}:where(.kb-row-layout-id1671_14ebe7-6e > .kt-row-column-wrap) > .wp-block-kadence-column{justify-content:start;}.kb-row-layout-id1671_14ebe7-6e > .kt-row-column-wrap{column-gap:var(--global-kb-gap-md, 2rem);row-gap:var(--global-kb-gap-md, 2rem);padding-top:0px;padding-right:0px;padding-bottom:0px;padding-left:0px;grid-template-columns:minmax(0, 1fr);}.kb-row-layout-id1671_14ebe7-6e > .kt-row-layout-overlay{opacity:0.30;}@media all and (max-width: 1024px){.kb-row-layout-id1671_14ebe7-6e > .kt-row-column-wrap{grid-template-columns:minmax(0, 1fr);}}@media all and (max-width: 767px){.kb-row-layout-id1671_14ebe7-6e > .kt-row-column-wrap{grid-template-columns:minmax(0, 1fr);}}<\/style><div class=\"kb-row-layout-wrap kb-row-layout-id1671_14ebe7-6e alignnone container wp-block-kadence-rowlayout\"><div class=\"kt-row-column-wrap kt-has-1-columns kt-row-layout-equal kt-tab-layout-inherit kt-mobile-layout-row kt-row-valign-top\">\n<style>.kadence-column1671_e2b3b5-6f > .kt-inside-inner-col,.kadence-column1671_e2b3b5-6f > .kt-inside-inner-col:before{border-top-left-radius:0px;border-top-right-radius:0px;border-bottom-right-radius:0px;border-bottom-left-radius:0px;}.kadence-column1671_e2b3b5-6f > .kt-inside-inner-col{column-gap:var(--global-kb-gap-sm, 1rem);}.kadence-column1671_e2b3b5-6f > .kt-inside-inner-col{flex-direction:column;}.kadence-column1671_e2b3b5-6f > .kt-inside-inner-col > .aligncenter{width:100%;}.kadence-column1671_e2b3b5-6f > .kt-inside-inner-col:before{opacity:0.3;}.kadence-column1671_e2b3b5-6f{position:relative;}@media all and (max-width: 1024px){.kadence-column1671_e2b3b5-6f > .kt-inside-inner-col{flex-direction:column;justify-content:center;}}@media all and (max-width: 767px){.kadence-column1671_e2b3b5-6f > .kt-inside-inner-col{flex-direction:column;justify-content:center;}}<\/style>\n<div class=\"wp-block-kadence-column kadence-column1671_e2b3b5-6f\"><div class=\"kt-inside-inner-col\"><h1 class=\"has-text-align-center has-link-color wp-elements-5c15f29beec0071bb8fddc48a7dd2909 wp-block-post-title has-text-color has-white-color\">Rehabilitaci\u00f3n oral<\/h1>\n\n\n<div class=\"container breadcrumb\"><div class=\"header-line\"><\/div><p><a href=\"https:\/\/clinicaoriolcanto.com\/es\/tratamientos\/\">Tratamientos<\/a><\/p><div class=\"header-line\"><\/div><\/div>\n\n\n<style>.wp-block-kadence-advancedheading.kt-adv-heading1671_b4eabf-1e, .wp-block-kadence-advancedheading.kt-adv-heading1671_b4eabf-1e[data-kb-block=\"kb-adv-heading1671_b4eabf-1e\"]{text-align:center;font-style:normal;}.wp-block-kadence-advancedheading.kt-adv-heading1671_b4eabf-1e mark.kt-highlight, .wp-block-kadence-advancedheading.kt-adv-heading1671_b4eabf-1e[data-kb-block=\"kb-adv-heading1671_b4eabf-1e\"] mark.kt-highlight{font-style:normal;color:#f76a0c;-webkit-box-decoration-break:clone;box-decoration-break:clone;padding-top:0px;padding-right:0px;padding-bottom:0px;padding-left:0px;}.wp-block-kadence-advancedheading.kt-adv-heading1671_b4eabf-1e img.kb-inline-image, .wp-block-kadence-advancedheading.kt-adv-heading1671_b4eabf-1e[data-kb-block=\"kb-adv-heading1671_b4eabf-1e\"] img.kb-inline-image{width:150px;vertical-align:baseline;}<\/style>\n<h2 class=\"kt-adv-heading1671_b4eabf-1e h5 wp-block-kadence-advancedheading has-white-color has-text-color\" data-kb-block=\"kb-adv-heading1671_b4eabf-1e\">Rehabilitaci\u00f3n oral para desgastes, ausencia de dientes y problemas de enc\u00edas por una mejor salud bucodental.<\/h2>\n\n\n\n<div class=\"wp-block-buttons botons is-content-justification-center is-layout-flex wp-container-core-buttons-is-layout-16018d1d wp-block-buttons-is-layout-flex\">\n<div class=\"wp-block-button boto--header anchor\"><a class=\"wp-block-button__link wp-element-button\" href=\"#info\">M\u00e1s informaci\u00f3n<\/a><\/div>\n<\/div>\n<\/div><\/div>\n\n<\/div><\/div><\/div><\/div>\n\n\n<style>.kb-row-layout-id1671_0edaa8-d7 > .kt-row-column-wrap{align-content:start;}:where(.kb-row-layout-id1671_0edaa8-d7 > .kt-row-column-wrap) > .wp-block-kadence-column{justify-content:start;}.kb-row-layout-id1671_0edaa8-d7 > .kt-row-column-wrap{column-gap:140px;row-gap:var(--global-kb-gap-md, 2rem);padding-top:0px;padding-bottom:0px;grid-template-columns:minmax(0, 2fr) minmax(0, 1fr);}.kb-row-layout-id1671_0edaa8-d7 > .kt-row-layout-overlay{opacity:0.30;}@media all and (max-width: 1024px){.kb-row-layout-id1671_0edaa8-d7 > .kt-row-column-wrap{column-gap:35px;grid-template-columns:repeat(2, minmax(0, 1fr));}}@media all and (max-width: 767px){.kb-row-layout-id1671_0edaa8-d7 > .kt-row-column-wrap{grid-template-columns:minmax(0, 1fr);}}<\/style><div class=\"kb-row-layout-wrap kb-row-layout-id1671_0edaa8-d7 alignnone fila--estatic tractament wp-block-kadence-rowlayout\" id=\"info\"><div class=\"kt-row-column-wrap kt-has-2-columns kt-row-layout-left-golden kt-tab-layout-equal kt-mobile-layout-row kt-row-valign-top\">\n<style>.kadence-column1671_e27bf2-92 > .kt-inside-inner-col,.kadence-column1671_e27bf2-92 > .kt-inside-inner-col:before{border-top-left-radius:0px;border-top-right-radius:0px;border-bottom-right-radius:0px;border-bottom-left-radius:0px;}.kadence-column1671_e27bf2-92 > .kt-inside-inner-col{column-gap:var(--global-kb-gap-sm, 1rem);}.kadence-column1671_e27bf2-92 > .kt-inside-inner-col{flex-direction:column;}.kadence-column1671_e27bf2-92 > .kt-inside-inner-col > .aligncenter{width:100%;}.kadence-column1671_e27bf2-92 > .kt-inside-inner-col:before{opacity:0.3;}.kadence-column1671_e27bf2-92{position:relative;}@media all and (max-width: 1024px){.kadence-column1671_e27bf2-92 > .kt-inside-inner-col{flex-direction:column;justify-content:center;}}@media all and (max-width: 767px){.kadence-column1671_e27bf2-92 > .kt-inside-inner-col{flex-direction:column;justify-content:center;}}<\/style>\n<div class=\"wp-block-kadence-column kadence-column1671_e27bf2-92 columna--text\"><div class=\"kt-inside-inner-col\"><style>.wp-block-kadence-advancedheading.kt-adv-heading1671_952e5b-e8, .wp-block-kadence-advancedheading.kt-adv-heading1671_952e5b-e8[data-kb-block=\"kb-adv-heading1671_952e5b-e8\"]{font-style:normal;}.wp-block-kadence-advancedheading.kt-adv-heading1671_952e5b-e8 mark.kt-highlight, .wp-block-kadence-advancedheading.kt-adv-heading1671_952e5b-e8[data-kb-block=\"kb-adv-heading1671_952e5b-e8\"] mark.kt-highlight{font-style:normal;color:#f76a0c;-webkit-box-decoration-break:clone;box-decoration-break:clone;padding-top:0px;padding-right:0px;padding-bottom:0px;padding-left:0px;}.wp-block-kadence-advancedheading.kt-adv-heading1671_952e5b-e8 img.kb-inline-image, .wp-block-kadence-advancedheading.kt-adv-heading1671_952e5b-e8[data-kb-block=\"kb-adv-heading1671_952e5b-e8\"] img.kb-inline-image{width:150px;vertical-align:baseline;}<\/style>\n<h3 class=\"kt-adv-heading1671_952e5b-e8 h5 wp-block-kadence-advancedheading\" data-kb-block=\"kb-adv-heading1671_952e5b-e8\">\u00bfQu\u00e9 entendemos por Rehabilitaci\u00f3n Oral? Cuando nos faltan dientes, est\u00e1n desgastados, nos sangran las enc\u00edas, tenemos los dientes mal puestos, rotos, tenemos sensibilidad al fr\u00edo y\/o caliente, nos duele la Articulaci\u00f3n temporo-mandibular (ATM)\u2026 supone un problema de salud bucodental (digestiones pesadas, \u00falceras estomacales, problemas card\u00edacos\u2026) y general, una afectaci\u00f3n de la est\u00e9tica dental y la correcta funci\u00f3n del sistema estomatogn\u00e1tico.<\/h3>\n\n\n\n<p>Hoy en d\u00eda tenemos un amplio abanico de posibilidades adaptadas para cada paciente para poder recuperar esta salud bucodental, recuperar esta est\u00e9tica perdida y recuperar esta funci\u00f3n que hace a\u00f1os que no tenemos.<\/p>\n\n\n\n<p>Para poder llevar a cabo esta Rehabilitaci\u00f3n Oral Integral se necesitan una serie de estudios a realizar: revisi\u00f3n bucal general (dientes, enc\u00edas, mucosas, ATM), estudio radiogr\u00e1fico (radiograf\u00edas y, en muchos casos, im\u00e1genes en 3 Dimensiones), fotograf\u00edas extraorales e intraorales y registros de la boca de los pacientes en el momento inicial.<\/p>\n\n\n\n<p>Con toda esta informaci\u00f3n el equipo de la Cl\u00ednica Dental del dr. Oriol Cant\u00f3 realiza, en equipo, un estudio exhaustivo para conocer los problemas iniciales (diagn\u00f3stico), saber la viabilidad de cada uno de los dientes y la enc\u00eda (pron\u00f3stico) y, de este modo, buscar la mejor soluci\u00f3n adaptada a cada paciente ( plan de tratamiento).<\/p>\n\n\n\n<p>Cada Plan de Tratamiento se adapta a las necesidades de cada paciente, teniendo en cuenta muchos factores como el problema inicial, las necesidades funcionales y est\u00e9ticas del paciente y, dentro de lo posible, la voluntad del paciente.<\/p>\n\n\n\n<p>No es el mismo tratamiento un paciente joven que uno de avanzada edad, un paciente que requiere, principalmente, un tratamiento de enc\u00edas que uno que tiene muchas caries, o uno con una grave malposici\u00f3n que afecta a su funci\u00f3n y\/o higiene general . Cada paciente es un individuo \u00fanico y, por tanto, requiere de un tratamiento \u00fanico.<\/p>\n\n\n\n<p>Dentro de las posibilidades actuales para realizar una Rehabilitaci\u00f3n Oral Integral, cubrimos todos los campos de la Odontolog\u00eda moderna, como los implantes dentales, la pr\u00f3tesis fija y removible, la ortodoncia, la periodoncia, la endodoncia, la est\u00e9tica dental y facial, cirug\u00eda oral y maxilofacial\u2026<\/p>\n\n\n\n<p>Todas y cada una de las especialidades de la Odontolog\u00eda se tienen en cuenta para planificar el mejor Plan de Tratamiento adaptado para cada paciente, para cada persona, para usted.<\/p>\n<\/div><\/div>\n\n\n<style>.kadence-column1671_3f2528-2d > .kt-inside-inner-col,.kadence-column1671_3f2528-2d > .kt-inside-inner-col:before{border-top-left-radius:0px;border-top-right-radius:0px;border-bottom-right-radius:0px;border-bottom-left-radius:0px;}.kadence-column1671_3f2528-2d > .kt-inside-inner-col{column-gap:var(--global-kb-gap-sm, 1rem);}.kadence-column1671_3f2528-2d > .kt-inside-inner-col{flex-direction:column;}.kadence-column1671_3f2528-2d > .kt-inside-inner-col > .aligncenter{width:100%;}.kadence-column1671_3f2528-2d > .kt-inside-inner-col:before{opacity:0.3;}.kadence-column1671_3f2528-2d{position:relative;}@media all and (max-width: 1024px){.kadence-column1671_3f2528-2d > .kt-inside-inner-col{flex-direction:column;justify-content:center;}}@media all and (max-width: 767px){.kadence-column1671_3f2528-2d > .kt-inside-inner-col{flex-direction:column;justify-content:center;}}<\/style>\n<div class=\"wp-block-kadence-column kadence-column1671_3f2528-2d columna--cita\"><div class=\"kt-inside-inner-col\">\n<div class=\"wp-block-senff-sticky-block\" data-topspace=\"24\" data-cfa=\"true\" data-minwidth=\"768\" data-maxwidth=\"1024\" data-pushup=\".site-footer\" data-zindex=\"1\"><style>.kb-row-layout-id1370_9367ad-32 > .kt-row-column-wrap{align-content:start;}:where(.kb-row-layout-id1370_9367ad-32 > .kt-row-column-wrap) > .wp-block-kadence-column{justify-content:start;}.kb-row-layout-id1370_9367ad-32 > .kt-row-column-wrap{column-gap:var(--global-kb-gap-md, 2rem);padding-top:70px;padding-right:70px;padding-bottom:70px;padding-left:70px;grid-template-columns:minmax(0, 1fr);}.kb-row-layout-id1370_9367ad-32 > .kt-row-layout-overlay{opacity:0.30;}@media all and (max-width: 1024px){.kb-row-layout-id1370_9367ad-32 > .kt-row-column-wrap{padding-top:35px;padding-right:35px;padding-bottom:35px;padding-left:35px;grid-template-columns:minmax(0, 1fr);}}@media all and (max-width: 767px){.kb-row-layout-id1370_9367ad-32 > .kt-row-column-wrap{padding-top:17px;padding-right:17px;padding-bottom:17px;padding-left:17px;grid-template-columns:minmax(0, 1fr);}}<\/style><div class=\"kb-row-layout-wrap kb-row-layout-id1370_9367ad-32 alignnone formulari--cita wp-block-kadence-rowlayout\"><div class=\"kt-row-column-wrap kt-has-1-columns kt-row-layout-equal kt-tab-layout-inherit kt-mobile-layout-row kt-row-valign-top\">\n<style>.kadence-column1370_571355-06 > .kt-inside-inner-col,.kadence-column1370_571355-06 > .kt-inside-inner-col:before{border-top-left-radius:0px;border-top-right-radius:0px;border-bottom-right-radius:0px;border-bottom-left-radius:0px;}.kadence-column1370_571355-06 > .kt-inside-inner-col{column-gap:var(--global-kb-gap-sm, 1rem);}.kadence-column1370_571355-06 > .kt-inside-inner-col{flex-direction:column;}.kadence-column1370_571355-06 > .kt-inside-inner-col > .aligncenter{width:100%;}.kadence-column1370_571355-06 > .kt-inside-inner-col:before{opacity:0.3;}.kadence-column1370_571355-06{position:relative;}@media all and (max-width: 1024px){.kadence-column1370_571355-06 > .kt-inside-inner-col{flex-direction:column;justify-content:center;}}@media all and (max-width: 767px){.kadence-column1370_571355-06 > .kt-inside-inner-col{flex-direction:column;justify-content:center;}}<\/style>\n<div class=\"wp-block-kadence-column kadence-column1370_571355-06\"><div class=\"kt-inside-inner-col\"><h3 class=\"has-text-align-center h5 wp-block-post-title\">Rehabilitaci\u00f3n oral<\/h3>\n\n<style>.wp-block-kadence-advancedheading.kt-adv-heading1370_02f68d-f3, .wp-block-kadence-advancedheading.kt-adv-heading1370_02f68d-f3[data-kb-block=\"kb-adv-heading1370_02f68d-f3\"]{text-align:center;font-style:normal;}.wp-block-kadence-advancedheading.kt-adv-heading1370_02f68d-f3 mark.kt-highlight, .wp-block-kadence-advancedheading.kt-adv-heading1370_02f68d-f3[data-kb-block=\"kb-adv-heading1370_02f68d-f3\"] mark.kt-highlight{font-style:normal;color:#f76a0c;-webkit-box-decoration-break:clone;box-decoration-break:clone;padding-top:0px;padding-right:0px;padding-bottom:0px;padding-left:0px;}.wp-block-kadence-advancedheading.kt-adv-heading1370_02f68d-f3 img.kb-inline-image, .wp-block-kadence-advancedheading.kt-adv-heading1370_02f68d-f3[data-kb-block=\"kb-adv-heading1370_02f68d-f3\"] img.kb-inline-image{width:150px;vertical-align:baseline;}<\/style>\n<h4 class=\"kt-adv-heading1370_02f68d-f3 h5 wp-block-kadence-advancedheading\" data-kb-block=\"kb-adv-heading1370_02f68d-f3\">Pide cita previa<\/h4>\n\n\n\n<div class=\"wpcf7 no-js\" id=\"wpcf7-f1582-o1\" lang=\"es-ES\" dir=\"ltr\" data-wpcf7-id=\"1582\">\n<div class=\"screen-reader-response\"><p role=\"status\" aria-live=\"polite\" aria-atomic=\"true\"><\/p> <ul><\/ul><\/div>\n<form action=\"\/es\/wp-json\/wp\/v2\/pages\/1671#wpcf7-f1582-o1\" method=\"post\" class=\"wpcf7-form init\" aria-label=\"Formulario de contacto\" novalidate=\"novalidate\" data-status=\"init\">\n<fieldset class=\"hidden-fields-container\"><input type=\"hidden\" name=\"_wpcf7\" value=\"1582\" \/><input type=\"hidden\" name=\"_wpcf7_version\" value=\"6.1.4\" \/><input type=\"hidden\" name=\"_wpcf7_locale\" value=\"es_ES\" \/><input type=\"hidden\" name=\"_wpcf7_unit_tag\" value=\"wpcf7-f1582-o1\" \/><input type=\"hidden\" name=\"_wpcf7_container_post\" value=\"0\" \/><input type=\"hidden\" name=\"_wpcf7_posted_data_hash\" value=\"\" \/><input type=\"hidden\" name=\"_wpcf7_recaptcha_response\" value=\"\" \/>\n<\/fieldset>\n<p>\t\t<div id=\"cf7md-form\" class=\"cf7md-form\">\n\t\t\t<div class=\"mdc-layout-grid\">\n\t\t\t\t<div class=\"mdc-layout-grid__inner\">\n\t\t\t\t\t\t\t\t\t\t\n<\/p>\n\t\t\n\t\t<div class=\"cf7md-item cf7md-text mdc-layout-grid__cell mdc-layout-grid__cell--span-12-desktop mdc-layout-grid__cell--span-8-tablet mdc-layout-grid__cell--span-4-phone\">\n\t\t\t<br \/>\n<span class=\"wpcf7-form-control-wrap\" data-name=\"nom\"><input size=\"40\" maxlength=\"400\" class=\"wpcf7-form-control wpcf7-text wpcf7-validates-as-required\" id=\"nom\" aria-required=\"true\" aria-invalid=\"false\" value=\"\" type=\"text\" name=\"nom\" \/><\/span><br \/>\n\t\t\t\t\t\t<div style=\"display: none;\" class=\"cf7md-text-html\">\n\t\t\t\t<div class=\"mdc-text-field \">\n\t\t\t\t\t\n\t\t\t\t\t\t\t\t\t\t\t<label class=\"mdc-floating-label\">Nombre<\/label>\n\t\t\t\t\t\t<div class=\"mdc-line-ripple\"><\/div>\n\t\t\t\t\t\t\t\t\t<\/div>\n\t\t\t<\/div>\n\t\t<\/div>\n\t\t\n\t\t\n\t\t<div class=\"cf7md-item cf7md-text mdc-layout-grid__cell mdc-layout-grid__cell--span-12-desktop mdc-layout-grid__cell--span-8-tablet mdc-layout-grid__cell--span-4-phone\">\n\t\t\t<br \/>\n<span class=\"wpcf7-form-control-wrap\" data-name=\"email\"><input size=\"40\" maxlength=\"400\" class=\"wpcf7-form-control wpcf7-email wpcf7-validates-as-required wpcf7-text wpcf7-validates-as-email\" id=\"email\" aria-required=\"true\" aria-invalid=\"false\" value=\"\" type=\"email\" name=\"email\" \/><\/span><br \/>\n\t\t\t\t\t\t<div style=\"display: none;\" class=\"cf7md-text-html\">\n\t\t\t\t<div class=\"mdc-text-field \">\n\t\t\t\t\t\n\t\t\t\t\t\t\t\t\t\t\t<label class=\"mdc-floating-label\">Correo electr\u00f3nico<\/label>\n\t\t\t\t\t\t<div class=\"mdc-line-ripple\"><\/div>\n\t\t\t\t\t\t\t\t\t<\/div>\n\t\t\t<\/div>\n\t\t<\/div>\n\t\t\n\t\t\n\t\t<div class=\"cf7md-item cf7md-text mdc-layout-grid__cell mdc-layout-grid__cell--span-12-desktop mdc-layout-grid__cell--span-8-tablet mdc-layout-grid__cell--span-4-phone\">\n\t\t\t<br \/>\n<span class=\"wpcf7-form-control-wrap\" data-name=\"telefon\"><input size=\"40\" maxlength=\"400\" class=\"wpcf7-form-control wpcf7-tel wpcf7-validates-as-required wpcf7-text wpcf7-validates-as-tel\" id=\"telefon\" aria-required=\"true\" aria-invalid=\"false\" value=\"\" type=\"tel\" name=\"telefon\" \/><\/span><br \/>\n\t\t\t\t\t\t<div style=\"display: none;\" class=\"cf7md-text-html\">\n\t\t\t\t<div class=\"mdc-text-field \">\n\t\t\t\t\t\n\t\t\t\t\t\t\t\t\t\t\t<label class=\"mdc-floating-label\">Tel\u00e9fono<\/label>\n\t\t\t\t\t\t<div class=\"mdc-line-ripple\"><\/div>\n\t\t\t\t\t\t\t\t\t<\/div>\n\t\t\t<\/div>\n\t\t<\/div>\n\t\t\n\t\t\n\t\t<div class=\"cf7md-item cf7md-text mdc-layout-grid__cell mdc-layout-grid__cell--span-12-desktop mdc-layout-grid__cell--span-8-tablet mdc-layout-grid__cell--span-4-phone\">\n\t\t\t<br \/>\n<span class=\"wpcf7-form-control-wrap\" data-name=\"motiu-consulta\"><input size=\"40\" maxlength=\"400\" class=\"wpcf7-form-control wpcf7-text wpcf7-validates-as-required\" id=\"motiu-consulta\" aria-required=\"true\" aria-invalid=\"false\" value=\"\" type=\"text\" name=\"motiu-consulta\" \/><\/span><br \/>\n\t\t\t\t\t\t<div style=\"display: none;\" class=\"cf7md-text-html\">\n\t\t\t\t<div class=\"mdc-text-field \">\n\t\t\t\t\t\n\t\t\t\t\t\t\t\t\t\t\t<label class=\"mdc-floating-label\">Motivo de la consulta<\/label>\n\t\t\t\t\t\t<div class=\"mdc-line-ripple\"><\/div>\n\t\t\t\t\t\t\t\t\t<\/div>\n\t\t\t<\/div>\n\t\t<\/div>\n\t\t\n\n\t\t<div class=\"cf7md-item cf7md-textarea mdc-layout-grid__cell mdc-layout-grid__cell--span-12-desktop mdc-layout-grid__cell--span-8-tablet mdc-layout-grid__cell--span-4-phone cf7md-textarea-autosize\">\n\t\t\t<br \/>\n<span class=\"wpcf7-form-control-wrap\" data-name=\"consulta\"><textarea cols=\"40\" rows=\"10\" maxlength=\"2000\" class=\"wpcf7-form-control wpcf7-textarea wpcf7-validates-as-required\" id=\"consulta\" aria-required=\"true\" aria-invalid=\"false\" name=\"consulta\"><\/textarea><\/span><br \/>\n\t\t\t\t\t\t<div style=\"display: none;\" class=\"cf7md-text-html\">\n\t\t\t\t<div class=\"mdc-text-field  mdc-text-field--textarea\">\n\t\t\t\t\t\t\t\t\t\t<div class=\"mdc-notched-outline\">\n\t\t\t\t\t\t<div class=\"mdc-notched-outline__leading\"><\/div>\n\t\t\t\t\t\t<div class=\"mdc-notched-outline__notch\">\n\t\t\t\t\t\t\t<label class=\"mdc-floating-label\">Consulta<\/label>\n\t\t\t\t\t\t<\/div>\n\t\t\t\t\t\t<div class=\"mdc-notched-outline__trailing\"><\/div>\n\t\t\t\t\t<\/div>\n\t\t\t\t<\/div>\n\t\t\t<\/div>\n\t\t<\/div>\n\t\t\n\t\t<div class=\"cf7md-item cf7md-submit mdc-layout-grid__cell mdc-layout-grid__cell--span-12-desktop mdc-layout-grid__cell--span-8-tablet mdc-layout-grid__cell--span-4-phone\" data-button-style=\"raised\">\n\t\t\t<br \/>\n<input class=\"wpcf7-form-control wpcf7-submit has-spinner\" type=\"submit\" value=\"Pide cita\" \/><br \/>\n\t\t\t<svg class=\"cf7md-spinner\" width=\"25px\" height=\"25px\" viewBox=\"0 0 66 66\" xmlns=\"http:\/\/www.w3.org\/2000\/svg\">\n\t\t\t\t<circle class=\"cf7md-spinner-path\" fill=\"none\" stroke-width=\"6\" stroke-linecap=\"round\" cx=\"33\" cy=\"33\" r=\"30\"><\/circle>\n\t\t\t<\/svg>\n\t\t<\/div>\n\t\t\n\t\t<div class=\"cf7md-item cf7md-accept cf7md-is-wpcf7v5 mdc-layout-grid__cell mdc-layout-grid__cell--span-12-desktop mdc-layout-grid__cell--span-8-tablet mdc-layout-grid__cell--span-4-phone\">\n\t\t\t\t\t\t<br \/>\n<span class=\"wpcf7-form-control-wrap\" data-name=\"aceptacio\"><span class=\"wpcf7-form-control wpcf7-acceptance\"><span class=\"wpcf7-list-item\"><input type=\"checkbox\" name=\"aceptacio\" value=\"1\" aria-invalid=\"false\" \/><\/span><\/span><\/span><br \/>\n\t\t\t<label class=\"cf7md-accept-label\"><strong>Consiento el tratamiento de mis datos.<\/strong> Cl\u00ednica Dental Oriol Cant\u00f3 tratar\u00e1 tus datos con el fin de responder a tus consultas, dudas o reclamaciones. Puedes ejercer los derechos de acceso, rectificaci\u00f3n, supresi\u00f3n, portabilidad, limitaci\u00f3n y oposici\u00f3n, tal y como le informamos en la nuestra <a href='https:\/\/clinicaoriolcanto.com\/es\/politica-de-privacidad\/' target='_blank'>Pol\u00edtica de Privacidad<\/a>.<\/label>\n\t\t\t<div style=\"display: none;\" class=\"cf7md-checkbox-html\">\n\t\t\t\t<div class=\"mdc-checkbox__background\">\n\t\t\t\t\t<svg class=\"mdc-checkbox__checkmark\" viewBox=\"0 0 24 24\">\n\t\t\t\t\t\t<path class=\"mdc-checkbox__checkmark-path\" fill=\"none\" d=\"M1.73,12.91 8.1,19.28 22.79,4.59\"\/>\n\t\t\t\t\t<\/svg>\n\t\t\t\t\t<div class=\"mdc-checkbox__mixedmark\"><\/div>\n\t\t\t\t<\/div>\n\t\t\t<\/div>\n\t\t\t\t\t<\/div>\n\t\t\n\t\t\t\t\t\t\t\t\t<\/div>\n\t\t\t<\/div>\n\t\t<\/div>\n\t\t\n<\/p><div class=\"wpcf7-response-output\" aria-hidden=\"true\"><\/div>\n<\/form>\n<\/div>\n\n<\/div><\/div>\n\n<\/div><\/div><\/div>\n<\/div><\/div>\n\n<\/div><\/div>","protected":false},"excerpt":{"rendered":"<p>Rehabilitaci\u00f3n oral para desgastes, ausencia de dientes y problemas de enc\u00edas por una mejor salud bucodental.<\/p>\n","protected":false},"author":1,"featured_media":361,"parent":0,"menu_order":0,"comment_status":"closed","ping_status":"closed","template":"templates\/template-builder.php","meta":{"inline_featured_image":false,"footnotes":""},"class_list":["post-1671","page","type-page","status-publish","has-post-thumbnail","hentry","post","with-featured-image"],"_links":{"self":[{"href":"https:\/\/clinicaoriolcanto.com\/es\/wp-json\/wp\/v2\/pages\/1671","targetHints":{"allow":["GET"]}}],"collection":[{"href":"https:\/\/clinicaoriolcanto.com\/es\/wp-json\/wp\/v2\/pages"}],"about":[{"href":"https:\/\/clinicaoriolcanto.com\/es\/wp-json\/wp\/v2\/types\/page"}],"author":[{"embeddable":true,"href":"https:\/\/clinicaoriolcanto.com\/es\/wp-json\/wp\/v2\/users\/1"}],"replies":[{"embeddable":true,"href":"https:\/\/clinicaoriolcanto.com\/es\/wp-json\/wp\/v2\/comments?post=1671"}],"version-history":[{"count":3,"href":"https:\/\/clinicaoriolcanto.com\/es\/wp-json\/wp\/v2\/pages\/1671\/revisions"}],"predecessor-version":[{"id":1681,"href":"https:\/\/clinicaoriolcanto.com\/es\/wp-json\/wp\/v2\/pages\/1671\/revisions\/1681"}],"wp:featuredmedia":[{"embeddable":true,"href":"https:\/\/clinicaoriolcanto.com\/es\/wp-json\/wp\/v2\/media\/361"}],"wp:attachment":[{"href":"https:\/\/clinicaoriolcanto.com\/es\/wp-json\/wp\/v2\/media?parent=1671"}],"curies":[{"name":"wp","href":"https:\/\/api.w.org\/{rel}","templated":true}]}}