{"id":1633,"date":"2024-04-25T18:08:22","date_gmt":"2024-04-25T16:08:22","guid":{"rendered":"https:\/\/clinicaoriolcanto.com\/odontologia-general\/"},"modified":"2024-05-30T18:36:59","modified_gmt":"2024-05-30T16:36:59","slug":"general-dentistry","status":"publish","type":"page","link":"https:\/\/clinicaoriolcanto.com\/en\/general-dentistry\/","title":{"rendered":"General dentistry"},"content":{"rendered":"\n<div class=\"wp-block-nk-awb nk-awb alignfull nk-awb-fullheight nk-awb-content-valign-center header header--home\"><div class=\"nk-awb-wrap\" style=\"background:#0085ce\" data-awb-type=\"image\" data-awb-image-background-size=\"cover\" data-awb-image-background-position=\"50% 50%\" data-awb-mouse-parallax=\"true\" data-awb-mouse-parallax-size=\"100\" data-awb-mouse-parallax-speed=\"10000\"><div class=\"nk-awb-inner\"><img loading=\"lazy\" decoding=\"async\" src=\"https:\/\/clinicaoriolcanto.com\/wp-content\/uploads\/2024\/04\/header-odontologia-general.webp\" class=\"wp-image-93 jarallax-img\" alt=\"Header odontologia general\" width=\"3200\" height=\"2016\" srcset=\"https:\/\/clinicaoriolcanto.com\/wp-content\/uploads\/2024\/04\/header-odontologia-general.webp 3200w, https:\/\/clinicaoriolcanto.com\/wp-content\/uploads\/2024\/04\/header-odontologia-general-500x315.webp 500w, https:\/\/clinicaoriolcanto.com\/wp-content\/uploads\/2024\/04\/header-odontologia-general-800x504.webp 800w, https:\/\/clinicaoriolcanto.com\/wp-content\/uploads\/2024\/04\/header-odontologia-general-1280x806.webp 1280w, https:\/\/clinicaoriolcanto.com\/wp-content\/uploads\/2024\/04\/header-odontologia-general-1920x1210.webp 1920w, https:\/\/clinicaoriolcanto.com\/wp-content\/uploads\/2024\/04\/header-odontologia-general-1200x756.webp 1200w, https:\/\/clinicaoriolcanto.com\/wp-content\/uploads\/2024\/04\/header-odontologia-general-1400x882.webp 1400w, https:\/\/clinicaoriolcanto.com\/wp-content\/uploads\/2024\/04\/header-odontologia-general-300x189.webp 300w\" sizes=\"auto, (max-width: 3200px) 100vw, 3200px\" \/><\/div><\/div><div class=\"nk-awb-wrap-content is-layout-constrained wp-block-nk-awb-is-layout-constrained\"><style>.kb-row-layout-id1633_bc5e5e-87 > .kt-row-column-wrap{align-content:start;}:where(.kb-row-layout-id1633_bc5e5e-87 > .kt-row-column-wrap) > .wp-block-kadence-column{justify-content:start;}.kb-row-layout-id1633_bc5e5e-87 > .kt-row-column-wrap{column-gap:var(--global-kb-gap-md, 2rem);row-gap:var(--global-kb-gap-md, 2rem);padding-top:0px;padding-right:0px;padding-bottom:0px;padding-left:0px;grid-template-columns:minmax(0, 1fr);}.kb-row-layout-id1633_bc5e5e-87 > .kt-row-layout-overlay{opacity:0.30;}@media all and (max-width: 1024px){.kb-row-layout-id1633_bc5e5e-87 > .kt-row-column-wrap{grid-template-columns:minmax(0, 1fr);}}@media all and (max-width: 767px){.kb-row-layout-id1633_bc5e5e-87 > .kt-row-column-wrap{grid-template-columns:minmax(0, 1fr);}}<\/style><div class=\"kb-row-layout-wrap kb-row-layout-id1633_bc5e5e-87 alignnone container wp-block-kadence-rowlayout\"><div class=\"kt-row-column-wrap kt-has-1-columns kt-row-layout-equal kt-tab-layout-inherit kt-mobile-layout-row kt-row-valign-top\">\n<style>.kadence-column1633_c628a5-35 > .kt-inside-inner-col,.kadence-column1633_c628a5-35 > .kt-inside-inner-col:before{border-top-left-radius:0px;border-top-right-radius:0px;border-bottom-right-radius:0px;border-bottom-left-radius:0px;}.kadence-column1633_c628a5-35 > .kt-inside-inner-col{column-gap:var(--global-kb-gap-sm, 1rem);}.kadence-column1633_c628a5-35 > .kt-inside-inner-col{flex-direction:column;}.kadence-column1633_c628a5-35 > .kt-inside-inner-col > .aligncenter{width:100%;}.kadence-column1633_c628a5-35 > .kt-inside-inner-col:before{opacity:0.3;}.kadence-column1633_c628a5-35{position:relative;}@media all and (max-width: 1024px){.kadence-column1633_c628a5-35 > .kt-inside-inner-col{flex-direction:column;justify-content:center;}}@media all and (max-width: 767px){.kadence-column1633_c628a5-35 > .kt-inside-inner-col{flex-direction:column;justify-content:center;}}<\/style>\n<div class=\"wp-block-kadence-column kadence-column1633_c628a5-35\"><div class=\"kt-inside-inner-col\"><h1 class=\"has-text-align-center has-link-color wp-elements-5c15f29beec0071bb8fddc48a7dd2909 wp-block-post-title has-text-color has-white-color\">General dentistry<\/h1>\n\n\n<div class=\"container breadcrumb\"><div class=\"header-line\"><\/div><p><a href=\"https:\/\/clinicaoriolcanto.com\/en\/treatments\/\">Treatments<\/a><\/p><div class=\"header-line\"><\/div><\/div>\n\n\n<style>.wp-block-kadence-advancedheading.kt-adv-heading1633_9877ee-23, .wp-block-kadence-advancedheading.kt-adv-heading1633_9877ee-23[data-kb-block=\"kb-adv-heading1633_9877ee-23\"]{text-align:center;font-style:normal;}.wp-block-kadence-advancedheading.kt-adv-heading1633_9877ee-23 mark.kt-highlight, .wp-block-kadence-advancedheading.kt-adv-heading1633_9877ee-23[data-kb-block=\"kb-adv-heading1633_9877ee-23\"] mark.kt-highlight{font-style:normal;color:#f76a0c;-webkit-box-decoration-break:clone;box-decoration-break:clone;padding-top:0px;padding-right:0px;padding-bottom:0px;padding-left:0px;}.wp-block-kadence-advancedheading.kt-adv-heading1633_9877ee-23 img.kb-inline-image, .wp-block-kadence-advancedheading.kt-adv-heading1633_9877ee-23[data-kb-block=\"kb-adv-heading1633_9877ee-23\"] img.kb-inline-image{width:150px;vertical-align:baseline;}<\/style>\n<h2 class=\"kt-adv-heading1633_9877ee-23 h5 wp-block-kadence-advancedheading has-white-color has-text-color\" data-kb-block=\"kb-adv-heading1633_9877ee-23\">General dentistry services: reviews, advanced diagnoses and prevention for optimal oral health.<\/h2>\n\n\n\n<div class=\"wp-block-buttons botons is-content-justification-center is-layout-flex wp-container-core-buttons-is-layout-16018d1d wp-block-buttons-is-layout-flex\">\n<div class=\"wp-block-button boto--header anchor\"><a class=\"wp-block-button__link wp-element-button\" href=\"#info\">More info<\/a><\/div>\n<\/div>\n<\/div><\/div>\n\n<\/div><\/div><\/div><\/div>\n\n\n<style>.kb-row-layout-id1633_171d13-71 > .kt-row-column-wrap{align-content:start;}:where(.kb-row-layout-id1633_171d13-71 > .kt-row-column-wrap) > .wp-block-kadence-column{justify-content:start;}.kb-row-layout-id1633_171d13-71 > .kt-row-column-wrap{column-gap:140px;row-gap:var(--global-kb-gap-md, 2rem);padding-top:0px;padding-bottom:0px;grid-template-columns:minmax(0, 2fr) minmax(0, 1fr);}.kb-row-layout-id1633_171d13-71 > .kt-row-layout-overlay{opacity:0.30;}@media all and (max-width: 1024px){.kb-row-layout-id1633_171d13-71 > .kt-row-column-wrap{column-gap:35px;grid-template-columns:repeat(2, minmax(0, 1fr));}}@media all and (max-width: 767px){.kb-row-layout-id1633_171d13-71 > .kt-row-column-wrap{grid-template-columns:minmax(0, 1fr);}}<\/style><div class=\"kb-row-layout-wrap kb-row-layout-id1633_171d13-71 alignnone fila--estatic tractament wp-block-kadence-rowlayout\" id=\"info\"><div class=\"kt-row-column-wrap kt-has-2-columns kt-row-layout-left-golden kt-tab-layout-equal kt-mobile-layout-row kt-row-valign-top\">\n<style>.kadence-column1633_772c55-d6 > .kt-inside-inner-col,.kadence-column1633_772c55-d6 > .kt-inside-inner-col:before{border-top-left-radius:0px;border-top-right-radius:0px;border-bottom-right-radius:0px;border-bottom-left-radius:0px;}.kadence-column1633_772c55-d6 > .kt-inside-inner-col{column-gap:var(--global-kb-gap-sm, 1rem);}.kadence-column1633_772c55-d6 > .kt-inside-inner-col{flex-direction:column;}.kadence-column1633_772c55-d6 > .kt-inside-inner-col > .aligncenter{width:100%;}.kadence-column1633_772c55-d6 > .kt-inside-inner-col:before{opacity:0.3;}.kadence-column1633_772c55-d6{position:relative;}@media all and (max-width: 1024px){.kadence-column1633_772c55-d6 > .kt-inside-inner-col{flex-direction:column;justify-content:center;}}@media all and (max-width: 767px){.kadence-column1633_772c55-d6 > .kt-inside-inner-col{flex-direction:column;justify-content:center;}}<\/style>\n<div class=\"wp-block-kadence-column kadence-column1633_772c55-d6 columna--text\"><div class=\"kt-inside-inner-col\"><style>.wp-block-kadence-advancedheading.kt-adv-heading1633_521804-01, .wp-block-kadence-advancedheading.kt-adv-heading1633_521804-01[data-kb-block=\"kb-adv-heading1633_521804-01\"]{font-style:normal;}.wp-block-kadence-advancedheading.kt-adv-heading1633_521804-01 mark.kt-highlight, .wp-block-kadence-advancedheading.kt-adv-heading1633_521804-01[data-kb-block=\"kb-adv-heading1633_521804-01\"] mark.kt-highlight{font-style:normal;color:#f76a0c;-webkit-box-decoration-break:clone;box-decoration-break:clone;padding-top:0px;padding-right:0px;padding-bottom:0px;padding-left:0px;}.wp-block-kadence-advancedheading.kt-adv-heading1633_521804-01 img.kb-inline-image, .wp-block-kadence-advancedheading.kt-adv-heading1633_521804-01[data-kb-block=\"kb-adv-heading1633_521804-01\"] img.kb-inline-image{width:150px;vertical-align:baseline;}<\/style>\n<h3 class=\"kt-adv-heading1633_521804-01 h5 wp-block-kadence-advancedheading\" data-kb-block=\"kb-adv-heading1633_521804-01\">A dental check-up every 6 months, ideally, or every year, involves a meticulous study of the oral state, both of the teeth, as well as of the gums, mucous (cheeks, tongue, palate) and the possible problems of the temporo-mandibular joint (ATM).<\/h3>\n\n\n\n<p>In order to carry out the oral-dental check-up, dental health professionals (odontologists) must be prepared, trained, to know what is seen, what each image means, wear, change of color, mucosal injury, mobility of the teeth&#8230;<\/p>\n\n\n\n<p>Per aix\u00f2, a la Cl\u00ednica Dental del Dr. Oriol Cant\u00f3 compta amb un grup de professionals que saben el qu\u00e8 fan, ja que estan formats per a donar aquest diagn\u00f2stic personalitzat. Cada persona, un tractament personalitzat. Per a dur a terme aquest revisi\u00f3 rutin\u00e0ria, es poden fer servir radiografies intraorals (radiografies periapicals) i\/o una radiografia general (ortopantomografia o radiografia panor\u00e0mica).<\/p>\n\n\n\n<p>For this reason, at the Dental Clinic of Dr. Oriol Cant\u00f3, he has a group of professionals who know what they do, since they are trained to give this personalized diagnosis. Each person, a personalized treatment. To carry out this routine review, intraoral x-rays (periapical x-rays) and\/or general x-rays (orthopantomography or panoramic x-rays) can be used.<\/p>\n\n\n\n<p>During this review, we can remember and reaffirm those treatments that have not been carried out in previous revisions (pending caries, gum treatment, replacement of absent teeth, correct those dental malpositions, the dental aesthetics that we always seek and do not decide to do&#8230;), or new treatments that it is necessary to do due to new pathologies that appear in the time between review and review. In some of these cases, 3-dimensional X-rays (cbct) may be necessary, as they provide more and better information for diagnosis and thus be able to plan the best treatment for your oral health.<\/p>\n\n\n\n<p>With all these periodic, biannual or annual reviews, it is sought to maintain and improve your oral health. Therefore, at least, oral hygiene will be necessary. Good dental health involves a prevention of dental pathologies and, as has been demonstrated on numerous occasions, seek the prevention of other general pathologies associated with oral pathologies. Respiratory, cardiac&#8230; They may appear as a result of poor oral health. An injury in the mouth can be a sign of a neoplastic injury (cancer), which taken in time can prevent serious problems for the patient.<\/p>\n\n\n\n<p>For all this, from the Dental Clinic of Dr. Oriol Cant\u00f3, we recommend and encourage a oral review made every 6 months or, at least annually, by well prepared and trained personnel, thinking about their health.<\/p>\n<\/div><\/div>\n\n\n<style>.kadence-column1633_3ea102-1d > .kt-inside-inner-col,.kadence-column1633_3ea102-1d > .kt-inside-inner-col:before{border-top-left-radius:0px;border-top-right-radius:0px;border-bottom-right-radius:0px;border-bottom-left-radius:0px;}.kadence-column1633_3ea102-1d > .kt-inside-inner-col{column-gap:var(--global-kb-gap-sm, 1rem);}.kadence-column1633_3ea102-1d > .kt-inside-inner-col{flex-direction:column;}.kadence-column1633_3ea102-1d > .kt-inside-inner-col > .aligncenter{width:100%;}.kadence-column1633_3ea102-1d > .kt-inside-inner-col:before{opacity:0.3;}.kadence-column1633_3ea102-1d{position:relative;}@media all and (max-width: 1024px){.kadence-column1633_3ea102-1d > .kt-inside-inner-col{flex-direction:column;justify-content:center;}}@media all and (max-width: 767px){.kadence-column1633_3ea102-1d > .kt-inside-inner-col{flex-direction:column;justify-content:center;}}<\/style>\n<div class=\"wp-block-kadence-column kadence-column1633_3ea102-1d columna--cita\"><div class=\"kt-inside-inner-col\">\n<div class=\"wp-block-senff-sticky-block\" data-topspace=\"24\" data-cfa=\"true\" data-minwidth=\"768\" data-maxwidth=\"1024\" data-pushup=\".site-footer\" data-zindex=\"1\"><style>.kb-row-layout-id1369_e71878-05 > .kt-row-column-wrap{align-content:start;}:where(.kb-row-layout-id1369_e71878-05 > .kt-row-column-wrap) > .wp-block-kadence-column{justify-content:start;}.kb-row-layout-id1369_e71878-05 > .kt-row-column-wrap{column-gap:var(--global-kb-gap-md, 2rem);padding-top:70px;padding-right:70px;padding-bottom:70px;padding-left:70px;grid-template-columns:minmax(0, 1fr);}.kb-row-layout-id1369_e71878-05 > .kt-row-layout-overlay{opacity:0.30;}@media all and (max-width: 1024px){.kb-row-layout-id1369_e71878-05 > .kt-row-column-wrap{padding-top:35px;padding-right:35px;padding-bottom:35px;padding-left:35px;grid-template-columns:minmax(0, 1fr);}}@media all and (max-width: 767px){.kb-row-layout-id1369_e71878-05 > .kt-row-column-wrap{padding-top:17px;padding-right:17px;padding-bottom:17px;padding-left:17px;grid-template-columns:minmax(0, 1fr);}}<\/style><div class=\"kb-row-layout-wrap kb-row-layout-id1369_e71878-05 alignnone formulari--cita wp-block-kadence-rowlayout\"><div class=\"kt-row-column-wrap kt-has-1-columns kt-row-layout-equal kt-tab-layout-inherit kt-mobile-layout-row kt-row-valign-top\">\n<style>.kadence-column1369_dd9939-28 > .kt-inside-inner-col,.kadence-column1369_dd9939-28 > .kt-inside-inner-col:before{border-top-left-radius:0px;border-top-right-radius:0px;border-bottom-right-radius:0px;border-bottom-left-radius:0px;}.kadence-column1369_dd9939-28 > .kt-inside-inner-col{column-gap:var(--global-kb-gap-sm, 1rem);}.kadence-column1369_dd9939-28 > .kt-inside-inner-col{flex-direction:column;}.kadence-column1369_dd9939-28 > .kt-inside-inner-col > .aligncenter{width:100%;}.kadence-column1369_dd9939-28 > .kt-inside-inner-col:before{opacity:0.3;}.kadence-column1369_dd9939-28{position:relative;}@media all and (max-width: 1024px){.kadence-column1369_dd9939-28 > .kt-inside-inner-col{flex-direction:column;justify-content:center;}}@media all and (max-width: 767px){.kadence-column1369_dd9939-28 > .kt-inside-inner-col{flex-direction:column;justify-content:center;}}<\/style>\n<div class=\"wp-block-kadence-column kadence-column1369_dd9939-28\"><div class=\"kt-inside-inner-col\"><h3 class=\"has-text-align-center h5 wp-block-post-title\">General dentistry<\/h3>\n\n<style>.wp-block-kadence-advancedheading.kt-adv-heading1369_5117d8-46, .wp-block-kadence-advancedheading.kt-adv-heading1369_5117d8-46[data-kb-block=\"kb-adv-heading1369_5117d8-46\"]{text-align:center;font-style:normal;}.wp-block-kadence-advancedheading.kt-adv-heading1369_5117d8-46 mark.kt-highlight, .wp-block-kadence-advancedheading.kt-adv-heading1369_5117d8-46[data-kb-block=\"kb-adv-heading1369_5117d8-46\"] mark.kt-highlight{font-style:normal;color:#f76a0c;-webkit-box-decoration-break:clone;box-decoration-break:clone;padding-top:0px;padding-right:0px;padding-bottom:0px;padding-left:0px;}.wp-block-kadence-advancedheading.kt-adv-heading1369_5117d8-46 img.kb-inline-image, .wp-block-kadence-advancedheading.kt-adv-heading1369_5117d8-46[data-kb-block=\"kb-adv-heading1369_5117d8-46\"] img.kb-inline-image{width:150px;vertical-align:baseline;}<\/style>\n<h4 class=\"kt-adv-heading1369_5117d8-46 h5 wp-block-kadence-advancedheading\" data-kb-block=\"kb-adv-heading1369_5117d8-46\">Book an appointment<\/h4>\n\n\n\n<div class=\"wpcf7 no-js\" id=\"wpcf7-f1581-o1\" lang=\"en-US\" dir=\"ltr\" data-wpcf7-id=\"1581\">\n<div class=\"screen-reader-response\"><p role=\"status\" aria-live=\"polite\" aria-atomic=\"true\"><\/p> <ul><\/ul><\/div>\n<form action=\"\/en\/wp-json\/wp\/v2\/pages\/1633#wpcf7-f1581-o1\" method=\"post\" class=\"wpcf7-form init\" aria-label=\"Contact form\" novalidate=\"novalidate\" data-status=\"init\">\n<fieldset class=\"hidden-fields-container\"><input type=\"hidden\" name=\"_wpcf7\" value=\"1581\" \/><input type=\"hidden\" name=\"_wpcf7_version\" value=\"6.1.4\" \/><input type=\"hidden\" name=\"_wpcf7_locale\" value=\"en_US\" \/><input type=\"hidden\" name=\"_wpcf7_unit_tag\" value=\"wpcf7-f1581-o1\" \/><input type=\"hidden\" name=\"_wpcf7_container_post\" value=\"0\" \/><input type=\"hidden\" name=\"_wpcf7_posted_data_hash\" value=\"\" \/><input type=\"hidden\" name=\"_wpcf7_recaptcha_response\" value=\"\" \/>\n<\/fieldset>\n<p>\t\t<div id=\"cf7md-form\" class=\"cf7md-form\">\n\t\t\t<div class=\"mdc-layout-grid\">\n\t\t\t\t<div class=\"mdc-layout-grid__inner\">\n\t\t\t\t\t\t\t\t\t\t\n<\/p>\n\t\t\n\t\t<div class=\"cf7md-item cf7md-text mdc-layout-grid__cell mdc-layout-grid__cell--span-12-desktop mdc-layout-grid__cell--span-8-tablet mdc-layout-grid__cell--span-4-phone\">\n\t\t\t<br \/>\n<span class=\"wpcf7-form-control-wrap\" data-name=\"nom\"><input size=\"40\" maxlength=\"400\" class=\"wpcf7-form-control wpcf7-text wpcf7-validates-as-required\" id=\"nom\" aria-required=\"true\" aria-invalid=\"false\" value=\"\" type=\"text\" name=\"nom\" \/><\/span><br \/>\n\t\t\t\t\t\t<div style=\"display: none;\" class=\"cf7md-text-html\">\n\t\t\t\t<div class=\"mdc-text-field \">\n\t\t\t\t\t\n\t\t\t\t\t\t\t\t\t\t\t<label class=\"mdc-floating-label\">Name<\/label>\n\t\t\t\t\t\t<div class=\"mdc-line-ripple\"><\/div>\n\t\t\t\t\t\t\t\t\t<\/div>\n\t\t\t<\/div>\n\t\t<\/div>\n\t\t\n\t\t\n\t\t<div class=\"cf7md-item cf7md-text mdc-layout-grid__cell mdc-layout-grid__cell--span-12-desktop mdc-layout-grid__cell--span-8-tablet mdc-layout-grid__cell--span-4-phone\">\n\t\t\t<br \/>\n<span class=\"wpcf7-form-control-wrap\" data-name=\"email\"><input size=\"40\" maxlength=\"400\" class=\"wpcf7-form-control wpcf7-email wpcf7-validates-as-required wpcf7-text wpcf7-validates-as-email\" id=\"email\" aria-required=\"true\" aria-invalid=\"false\" value=\"\" type=\"email\" name=\"email\" \/><\/span><br \/>\n\t\t\t\t\t\t<div style=\"display: none;\" class=\"cf7md-text-html\">\n\t\t\t\t<div class=\"mdc-text-field \">\n\t\t\t\t\t\n\t\t\t\t\t\t\t\t\t\t\t<label class=\"mdc-floating-label\">E-mail<\/label>\n\t\t\t\t\t\t<div class=\"mdc-line-ripple\"><\/div>\n\t\t\t\t\t\t\t\t\t<\/div>\n\t\t\t<\/div>\n\t\t<\/div>\n\t\t\n\t\t\n\t\t<div class=\"cf7md-item cf7md-text mdc-layout-grid__cell mdc-layout-grid__cell--span-12-desktop mdc-layout-grid__cell--span-8-tablet mdc-layout-grid__cell--span-4-phone\">\n\t\t\t<br \/>\n<span class=\"wpcf7-form-control-wrap\" data-name=\"telefon\"><input size=\"40\" maxlength=\"400\" class=\"wpcf7-form-control wpcf7-tel wpcf7-validates-as-required wpcf7-text wpcf7-validates-as-tel\" id=\"telefon\" aria-required=\"true\" aria-invalid=\"false\" value=\"\" type=\"tel\" name=\"telefon\" \/><\/span><br \/>\n\t\t\t\t\t\t<div style=\"display: none;\" class=\"cf7md-text-html\">\n\t\t\t\t<div class=\"mdc-text-field \">\n\t\t\t\t\t\n\t\t\t\t\t\t\t\t\t\t\t<label class=\"mdc-floating-label\">Phone<\/label>\n\t\t\t\t\t\t<div class=\"mdc-line-ripple\"><\/div>\n\t\t\t\t\t\t\t\t\t<\/div>\n\t\t\t<\/div>\n\t\t<\/div>\n\t\t\n\t\t\n\t\t<div class=\"cf7md-item cf7md-text mdc-layout-grid__cell mdc-layout-grid__cell--span-12-desktop mdc-layout-grid__cell--span-8-tablet mdc-layout-grid__cell--span-4-phone\">\n\t\t\t<br \/>\n<span class=\"wpcf7-form-control-wrap\" data-name=\"motiu-consulta\"><input size=\"40\" maxlength=\"400\" class=\"wpcf7-form-control wpcf7-text wpcf7-validates-as-required\" id=\"motiu-consulta\" aria-required=\"true\" aria-invalid=\"false\" value=\"\" type=\"text\" name=\"motiu-consulta\" \/><\/span><br \/>\n\t\t\t\t\t\t<div style=\"display: none;\" class=\"cf7md-text-html\">\n\t\t\t\t<div class=\"mdc-text-field \">\n\t\t\t\t\t\n\t\t\t\t\t\t\t\t\t\t\t<label class=\"mdc-floating-label\">Subject<\/label>\n\t\t\t\t\t\t<div class=\"mdc-line-ripple\"><\/div>\n\t\t\t\t\t\t\t\t\t<\/div>\n\t\t\t<\/div>\n\t\t<\/div>\n\t\t\n\n\t\t<div class=\"cf7md-item cf7md-textarea mdc-layout-grid__cell mdc-layout-grid__cell--span-12-desktop mdc-layout-grid__cell--span-8-tablet mdc-layout-grid__cell--span-4-phone cf7md-textarea-autosize\">\n\t\t\t<br \/>\n<span class=\"wpcf7-form-control-wrap\" data-name=\"consulta\"><textarea cols=\"40\" rows=\"10\" maxlength=\"2000\" class=\"wpcf7-form-control wpcf7-textarea wpcf7-validates-as-required\" id=\"consulta\" aria-required=\"true\" aria-invalid=\"false\" name=\"consulta\"><\/textarea><\/span><br \/>\n\t\t\t\t\t\t<div style=\"display: none;\" class=\"cf7md-text-html\">\n\t\t\t\t<div class=\"mdc-text-field  mdc-text-field--textarea\">\n\t\t\t\t\t\t\t\t\t\t<div class=\"mdc-notched-outline\">\n\t\t\t\t\t\t<div class=\"mdc-notched-outline__leading\"><\/div>\n\t\t\t\t\t\t<div class=\"mdc-notched-outline__notch\">\n\t\t\t\t\t\t\t<label class=\"mdc-floating-label\">Message<\/label>\n\t\t\t\t\t\t<\/div>\n\t\t\t\t\t\t<div class=\"mdc-notched-outline__trailing\"><\/div>\n\t\t\t\t\t<\/div>\n\t\t\t\t<\/div>\n\t\t\t<\/div>\n\t\t<\/div>\n\t\t\n\t\t<div class=\"cf7md-item cf7md-submit mdc-layout-grid__cell mdc-layout-grid__cell--span-12-desktop mdc-layout-grid__cell--span-8-tablet mdc-layout-grid__cell--span-4-phone\" data-button-style=\"raised\">\n\t\t\t<br \/>\n<input class=\"wpcf7-form-control wpcf7-submit has-spinner\" type=\"submit\" value=\"Book now\" \/><br \/>\n\t\t\t<svg class=\"cf7md-spinner\" width=\"25px\" height=\"25px\" viewBox=\"0 0 66 66\" xmlns=\"http:\/\/www.w3.org\/2000\/svg\">\n\t\t\t\t<circle class=\"cf7md-spinner-path\" fill=\"none\" stroke-width=\"6\" stroke-linecap=\"round\" cx=\"33\" cy=\"33\" r=\"30\"><\/circle>\n\t\t\t<\/svg>\n\t\t<\/div>\n\t\t\n\t\t<div class=\"cf7md-item cf7md-accept cf7md-is-wpcf7v5 mdc-layout-grid__cell mdc-layout-grid__cell--span-12-desktop mdc-layout-grid__cell--span-8-tablet mdc-layout-grid__cell--span-4-phone\">\n\t\t\t\t\t\t<br \/>\n<span class=\"wpcf7-form-control-wrap\" data-name=\"aceptacio\"><span class=\"wpcf7-form-control wpcf7-acceptance\"><span class=\"wpcf7-list-item\"><input type=\"checkbox\" name=\"aceptacio\" value=\"1\" aria-invalid=\"false\" \/><\/span><\/span><\/span><br \/>\n\t\t\t<label class=\"cf7md-accept-label\"><strong>I consent to the processing of my data.<\/strong> Cl\u00ednica Dental Oriol Cant\u00f3 will process your data in order to answer your queries, doubts or complaints. You can exercise the rights of access, rectification, deletion, portability, limitation and opposition, as we inform you in our <a href='https:\/\/clinicaoriolcanto.com\/en\/privacy-policy\/' target='_blank'>Privacy policy<\/a>.<\/label>\n\t\t\t<div style=\"display: none;\" class=\"cf7md-checkbox-html\">\n\t\t\t\t<div class=\"mdc-checkbox__background\">\n\t\t\t\t\t<svg class=\"mdc-checkbox__checkmark\" viewBox=\"0 0 24 24\">\n\t\t\t\t\t\t<path class=\"mdc-checkbox__checkmark-path\" fill=\"none\" d=\"M1.73,12.91 8.1,19.28 22.79,4.59\"\/>\n\t\t\t\t\t<\/svg>\n\t\t\t\t\t<div class=\"mdc-checkbox__mixedmark\"><\/div>\n\t\t\t\t<\/div>\n\t\t\t<\/div>\n\t\t\t\t\t<\/div>\n\t\t\n\t\t\t\t\t\t\t\t\t<\/div>\n\t\t\t<\/div>\n\t\t<\/div>\n\t\t\n<\/p><div class=\"wpcf7-response-output\" aria-hidden=\"true\"><\/div>\n<\/form>\n<\/div>\n\n<\/div><\/div>\n\n<\/div><\/div><\/div>\n<\/div><\/div>\n\n<\/div><\/div>","protected":false},"excerpt":{"rendered":"<p>General dentistry services: reviews, advanced diagnoses and prevention for optimal oral health.<\/p>\n","protected":false},"author":1,"featured_media":362,"parent":0,"menu_order":0,"comment_status":"closed","ping_status":"closed","template":"templates\/template-builder.php","meta":{"inline_featured_image":false,"footnotes":""},"class_list":["post-1633","page","type-page","status-publish","has-post-thumbnail","hentry","post","with-featured-image"],"_links":{"self":[{"href":"https:\/\/clinicaoriolcanto.com\/en\/wp-json\/wp\/v2\/pages\/1633","targetHints":{"allow":["GET"]}}],"collection":[{"href":"https:\/\/clinicaoriolcanto.com\/en\/wp-json\/wp\/v2\/pages"}],"about":[{"href":"https:\/\/clinicaoriolcanto.com\/en\/wp-json\/wp\/v2\/types\/page"}],"author":[{"embeddable":true,"href":"https:\/\/clinicaoriolcanto.com\/en\/wp-json\/wp\/v2\/users\/1"}],"replies":[{"embeddable":true,"href":"https:\/\/clinicaoriolcanto.com\/en\/wp-json\/wp\/v2\/comments?post=1633"}],"version-history":[{"count":3,"href":"https:\/\/clinicaoriolcanto.com\/en\/wp-json\/wp\/v2\/pages\/1633\/revisions"}],"predecessor-version":[{"id":1682,"href":"https:\/\/clinicaoriolcanto.com\/en\/wp-json\/wp\/v2\/pages\/1633\/revisions\/1682"}],"wp:featuredmedia":[{"embeddable":true,"href":"https:\/\/clinicaoriolcanto.com\/en\/wp-json\/wp\/v2\/media\/362"}],"wp:attachment":[{"href":"https:\/\/clinicaoriolcanto.com\/en\/wp-json\/wp\/v2\/media?parent=1633"}],"curies":[{"name":"wp","href":"https:\/\/api.w.org\/{rel}","templated":true}]}}